{"id":18,"date":"2020-08-20T07:00:39","date_gmt":"2020-08-20T07:00:39","guid":{"rendered":"http:\/\/sags-mit-worten.de\/?page_id=18"},"modified":"2021-11-16T10:29:34","modified_gmt":"2021-11-16T10:29:34","slug":"im-trauerfall","status":"publish","type":"page","link":"http:\/\/www.sags-mit-worten.de\/?page_id=18","title":{"rendered":"&#8230;im Trauerfall"},"content":{"rendered":"\n<h2 class=\"has-text-align-center wp-block-heading\">F\u00fcr Deine Trauerkarte:<\/h2>\n\n\n\n<hr class=\"wp-block-separator\"\/>\n\n\n\n<p class=\"has-text-align-center has-medium-font-size\">Ich f\u00fchle tief mit Dir!<\/p>\n\n\n\n<hr class=\"wp-block-separator\"\/>\n\n\n\n<p class=\"has-text-align-center has-medium-font-size\">Ich bin in stillem Gedenken bei Dir.<\/p>\n\n\n\n<hr class=\"wp-block-separator\"\/>\n\n\n\n<p class=\"has-text-align-center has-medium-font-size\">Wenn ein besonderer Mensch geht, <br>Bleibt eine besondere Erinnerung.<\/p>\n\n\n\n<hr class=\"wp-block-separator\"\/>\n\n\n\n<p class=\"has-text-align-center has-medium-font-size\">Jeder gemeinsame Weg hat ein Ende,<br>Doch die gemeinsame Erinnerung endet nie!<\/p>\n\n\n\n<hr class=\"wp-block-separator\"\/>\n\n\n\n<p><\/p>\n\n\n\n<h2 class=\"has-text-align-center wp-block-heading\">F\u00fcr Deinen Nachruf:<\/h2>\n\n\n\n<hr class=\"wp-block-separator\"\/>\n\n\n\n<p class=\"has-text-align-center has-medium-font-size\">Wohin Dein Weg Dich jetzt auch f\u00fchren mag, <br>Du gehst ihn viel zu fr\u00fch.<\/p>\n\n\n\n<hr class=\"wp-block-separator\"\/>\n\n\n\n<p class=\"has-text-align-center has-medium-font-size\">Nachts, wenn es dunkel, still und einsam ist, <br>Dann denke ich immer an Dich!<\/p>\n\n\n\n<hr class=\"wp-block-separator\"\/>\n","protected":false},"excerpt":{"rendered":"<p>F\u00fcr Deine Trauerkarte: Ich f\u00fchle tief mit Dir! Ich bin in stillem Gedenken bei Dir. Wenn ein besonderer Mensch geht, Bleibt eine besondere Erinnerung. Jeder gemeinsame Weg hat ein Ende,Doch die gemeinsame Erinnerung endet nie! F\u00fcr Deinen Nachruf: Wohin Dein Weg Dich jetzt auch f\u00fchren mag, Du gehst ihn viel zu fr\u00fch. Nachts, wenn es&#8230;<\/p>\n","protected":false},"author":1,"featured_media":0,"parent":0,"menu_order":0,"comment_status":"closed","ping_status":"closed","template":"","meta":{"footnotes":""},"class_list":["post-18","page","type-page","status-publish","hentry"],"_links":{"self":[{"href":"http:\/\/www.sags-mit-worten.de\/index.php?rest_route=\/wp\/v2\/pages\/18","targetHints":{"allow":["GET"]}}],"collection":[{"href":"http:\/\/www.sags-mit-worten.de\/index.php?rest_route=\/wp\/v2\/pages"}],"about":[{"href":"http:\/\/www.sags-mit-worten.de\/index.php?rest_route=\/wp\/v2\/types\/page"}],"author":[{"embeddable":true,"href":"http:\/\/www.sags-mit-worten.de\/index.php?rest_route=\/wp\/v2\/users\/1"}],"replies":[{"embeddable":true,"href":"http:\/\/www.sags-mit-worten.de\/index.php?rest_route=%2Fwp%2Fv2%2Fcomments&post=18"}],"version-history":[{"count":33,"href":"http:\/\/www.sags-mit-worten.de\/index.php?rest_route=\/wp\/v2\/pages\/18\/revisions"}],"predecessor-version":[{"id":104,"href":"http:\/\/www.sags-mit-worten.de\/index.php?rest_route=\/wp\/v2\/pages\/18\/revisions\/104"}],"wp:attachment":[{"href":"http:\/\/www.sags-mit-worten.de\/index.php?rest_route=%2Fwp%2Fv2%2Fmedia&parent=18"}],"curies":[{"name":"wp","href":"https:\/\/api.w.org\/{rel}","templated":true}]}}