{"id":40,"date":"2020-08-20T11:21:22","date_gmt":"2020-08-20T11:21:22","guid":{"rendered":"http:\/\/sags-mit-worten.de\/?page_id=40"},"modified":"2020-08-20T11:25:54","modified_gmt":"2020-08-20T11:25:54","slug":"persoenliche-nachricht","status":"publish","type":"page","link":"https:\/\/www.sags-mit-worten.de\/?page_id=40","title":{"rendered":"Du w\u00fcnscht Dir eine pers\u00f6nliche Nachricht?"},"content":{"rendered":"\n<p class=\"has-text-align-center\">Du m\u00f6chtest eine pers\u00f6nliche Nachricht erstellen, aber Dir fehlen die richtigen Worte?<\/p>\n\n\n\n<p class=\"has-text-align-center\">Gern helfen wir Dir dabei!<\/p>\n\n\n\n<p><\/p>\n\n\n\n<p class=\"has-text-align-center\">Schreib uns einfach&#8230;<\/p>\n\n\n\n<p class=\"has-text-align-center\">&#8230; an wen die Nachricht gerichtet ist (Mutter, Vater, Freundin, Chef etc.)<\/p>\n\n\n\n<p class=\"has-text-align-center\">&#8230; und worum es geht.<\/p>\n\n\n\n<p class=\"has-text-align-center\"><\/p>\n\n\n\n<p class=\"has-text-align-center\">Wir verfassen einen Vorschlag, den Du gerne kostenlos und uneingeschr\u00e4nkt verwenden darfst und wir auf unserer Seite ver\u00f6ffentlichen k\u00f6nnen (nat\u00fcrlich anonymisiert).<\/p>\n\n\n\n<p class=\"has-text-align-center\">Wenn Du <strong>nicht <\/strong>m\u00f6chtest, dass dieser Vorschlag auf unserer Seite ver\u00f6ffentlicht wird und somit nur Du ihn nutzen kannst, freuen wir uns \u00fcber den kleinen Ausgleich in H\u00f6he von 5.- EUR.<\/p>\n\n\n\n<p class=\"has-text-align-center\">Du m\u00f6chtest ein Gedicht verschenken? <br>Bitte schreib uns, wir erstellen Dir gerne ein individuelles Angebot.<br>Bedenke bitte, dass das Erstellen eines Gedichtes mehrere Stunden dauern kann.<\/p>\n","protected":false},"excerpt":{"rendered":"<p>Du m\u00f6chtest eine pers\u00f6nliche Nachricht erstellen, aber Dir fehlen die richtigen Worte? Gern helfen wir Dir dabei! Schreib uns einfach&#8230; &#8230; an wen die Nachricht gerichtet ist (Mutter, Vater, Freundin, Chef etc.) &#8230; und worum es geht. Wir verfassen einen Vorschlag, den Du gerne kostenlos und uneingeschr\u00e4nkt verwenden darfst und wir auf unserer Seite ver\u00f6ffentlichen&#8230;<\/p>\n","protected":false},"author":1,"featured_media":0,"parent":0,"menu_order":0,"comment_status":"closed","ping_status":"closed","template":"","meta":{"footnotes":""},"class_list":["post-40","page","type-page","status-publish","hentry"],"_links":{"self":[{"href":"https:\/\/www.sags-mit-worten.de\/index.php?rest_route=\/wp\/v2\/pages\/40","targetHints":{"allow":["GET"]}}],"collection":[{"href":"https:\/\/www.sags-mit-worten.de\/index.php?rest_route=\/wp\/v2\/pages"}],"about":[{"href":"https:\/\/www.sags-mit-worten.de\/index.php?rest_route=\/wp\/v2\/types\/page"}],"author":[{"embeddable":true,"href":"https:\/\/www.sags-mit-worten.de\/index.php?rest_route=\/wp\/v2\/users\/1"}],"replies":[{"embeddable":true,"href":"https:\/\/www.sags-mit-worten.de\/index.php?rest_route=%2Fwp%2Fv2%2Fcomments&post=40"}],"version-history":[{"count":2,"href":"https:\/\/www.sags-mit-worten.de\/index.php?rest_route=\/wp\/v2\/pages\/40\/revisions"}],"predecessor-version":[{"id":44,"href":"https:\/\/www.sags-mit-worten.de\/index.php?rest_route=\/wp\/v2\/pages\/40\/revisions\/44"}],"wp:attachment":[{"href":"https:\/\/www.sags-mit-worten.de\/index.php?rest_route=%2Fwp%2Fv2%2Fmedia&parent=40"}],"curies":[{"name":"wp","href":"https:\/\/api.w.org\/{rel}","templated":true}]}}